{"id":473,"date":"2026-04-26T04:34:57","date_gmt":"2026-04-26T04:34:57","guid":{"rendered":"https:\/\/jmlpservicesllc.com\/?page_id=473"},"modified":"2026-04-26T04:36:16","modified_gmt":"2026-04-26T04:36:16","slug":"legal-notice","status":"publish","type":"page","link":"https:\/\/jmlpservicesllc.com\/es\/legal-notice\/","title":{"rendered":"Aviso legal"},"content":{"rendered":"<div data-elementor-type=\"wp-page\" data-elementor-id=\"473\" class=\"elementor elementor-473\" data-elementor-post-type=\"page\">\n\t\t\t\t\t\t<section class=\"elementor-section elementor-top-section elementor-element elementor-element-76a1364c elementor-section-boxed elementor-section-height-default elementor-section-height-default wpr-particle-no wpr-jarallax-no wpr-parallax-no wpr-sticky-section-no wpr-equal-height-no\" data-id=\"76a1364c\" data-element_type=\"section\" data-e-type=\"section\" data-settings=\"{&quot;background_background&quot;:&quot;classic&quot;}\">\n\t\t\t\t\t\t\t<div class=\"elementor-background-overlay\"><\/div>\n\t\t\t\t\t\t\t<div class=\"elementor-container elementor-column-gap-default\">\n\t\t\t\t\t<div class=\"elementor-column elementor-col-100 elementor-top-column elementor-element elementor-element-50d99a54\" data-id=\"50d99a54\" data-element_type=\"column\" data-e-type=\"column\">\n\t\t\t<div class=\"elementor-widget-wrap elementor-element-populated\">\n\t\t\t\t\t\t<div class=\"elementor-element elementor-element-1c271021 elementor-invisible elementor-widget elementor-widget-heading\" data-id=\"1c271021\" data-element_type=\"widget\" data-e-type=\"widget\" data-settings=\"{&quot;_animation&quot;:&quot;rollIn&quot;}\" data-widget_type=\"heading.default\">\n\t\t\t\t\t<h2 class=\"elementor-heading-title elementor-size-default\">Aviso legal<\/h2>\t\t\t\t<\/div>\n\t\t\t\t\t<\/div>\n\t\t<\/div>\n\t\t\t\t\t<\/div>\n\t\t<\/section>\n\t\t<div class=\"elementor-element elementor-element-4b17a8fe e-flex e-con-boxed wpr-particle-no wpr-jarallax-no wpr-parallax-no wpr-sticky-section-no wpr-equal-height-no e-con e-parent\" data-id=\"4b17a8fe\" data-element_type=\"container\" data-e-type=\"container\">\n\t\t\t\t\t<div class=\"e-con-inner\">\n\t\t\t\t<div class=\"elementor-element elementor-element-24597aaf elementor-widget elementor-widget-text-editor\" data-id=\"24597aaf\" data-element_type=\"widget\" data-e-type=\"widget\" data-widget_type=\"text-editor.default\">\n\t\t\t\t\t\t\t\t\t<h2 data-section-id=\"1gd8fr3\" data-start=\"133\" data-end=\"159\"><span role=\"text\"><strong data-start=\"136\" data-end=\"159\">Informaci\u00f3n general<\/strong><\/span><\/h2><p data-start=\"161\" data-end=\"292\">En cumplimiento de las leyes y reglamentos aplicables, este Aviso Legal proporciona informaci\u00f3n general sobre el sitio web y su propietario.<\/p><p data-start=\"294\" data-end=\"333\"><strong data-start=\"294\" data-end=\"311\">Nombre de empresa:<\/strong><br data-start=\"311\" data-end=\"314\" \/>JMLP Services LLC<\/p><p data-start=\"335\" data-end=\"401\"><strong data-start=\"335\" data-end=\"347\">DIRECCI\u00d3N:<\/strong><br data-start=\"347\" data-end=\"350\" \/>2431 Avenida Aloma, Suite 264<br data-start=\"375\" data-end=\"378\" \/>Winter Park, FL 32792<\/p><p data-start=\"403\" data-end=\"473\"><strong data-start=\"403\" data-end=\"413\">Correo electr\u00f3nico:<\/strong><br data-start=\"413\" data-end=\"416\" \/><a class=\"decorated-link cursor-pointer\" rel=\"noopener\" data-start=\"416\" data-end=\"443\">Contact@jmlpservicesllc.com<\/a><br data-start=\"443\" data-end=\"446\" \/><a class=\"decorated-link cursor-pointer\" rel=\"noopener\" data-start=\"446\" data-end=\"471\">Jmlpservicesllc@gmail.com<\/a><\/p><p data-start=\"475\" data-end=\"502\"><strong data-start=\"475\" data-end=\"485\">Tel\u00e9fono:<\/strong><br data-start=\"485\" data-end=\"488\" \/>407-639-4184<\/p><hr data-start=\"504\" data-end=\"507\" \/><h2 data-section-id=\"qcaic0\" data-start=\"509\" data-end=\"538\"><span role=\"text\"><strong data-start=\"512\" data-end=\"538\">Finalidad del sitio web<\/strong><\/span><\/h2><p data-start=\"540\" data-end=\"715\">El objetivo de este sitio web es proporcionar informaci\u00f3n sobre los servicios que ofrece JMLP Services LLC, incluyendo soluciones de construcci\u00f3n, sellado, restauraci\u00f3n y mantenimiento.<\/p><hr data-start=\"717\" data-end=\"720\" \/><h2 data-section-id=\"10zxjyq\" data-start=\"722\" data-end=\"741\"><span role=\"text\"><strong data-start=\"725\" data-end=\"741\">Condiciones de uso<\/strong><\/span><\/h2><p data-start=\"743\" data-end=\"931\">Al acceder y utilizar este sitio web, usted acepta cumplir con estos t\u00e9rminos. Los usuarios se comprometen a utilizar el sitio web de forma responsable y a no realizar actividades que puedan da\u00f1ar el sitio web o su contenido.<\/p><p data-start=\"933\" data-end=\"1035\">Nos reservamos el derecho de modificar o actualizar el contenido de este sitio web en cualquier momento sin previo aviso.<\/p><hr data-start=\"1037\" data-end=\"1040\" \/><h2 data-section-id=\"10u6s2m\" data-start=\"1042\" data-end=\"1070\"><span role=\"text\"><strong data-start=\"1045\" data-end=\"1070\">Propiedad intelectual<\/strong><\/span><\/h2><p data-start=\"1072\" data-end=\"1224\">Todo el contenido de este sitio web, incluidos textos, im\u00e1genes, logotipos y elementos de dise\u00f1o, es propiedad de JMLP Services LLC o se utiliza con la debida autorizaci\u00f3n.<\/p><p data-start=\"1226\" data-end=\"1338\">Queda estrictamente prohibida la reproducci\u00f3n, distribuci\u00f3n o modificaci\u00f3n de cualquier contenido sin el consentimiento previo por escrito.<\/p><hr data-start=\"1340\" data-end=\"1343\" \/><h2 data-section-id=\"17f4usj\" data-start=\"1345\" data-end=\"1375\"><span role=\"text\"><strong data-start=\"1348\" data-end=\"1375\">Limitaci\u00f3n de responsabilidad<\/strong><\/span><\/h2><p data-start=\"1377\" data-end=\"1506\">JMLP Services LLC no se hace responsable de los da\u00f1os o p\u00e9rdidas que resulten del uso de este sitio web o de la confianza depositada en su contenido.<\/p><p data-start=\"1508\" data-end=\"1633\">Si bien nos esforzamos por mantener la informaci\u00f3n precisa y actualizada, no garantizamos la integridad ni la exactitud de todo el contenido.<\/p><hr data-start=\"1635\" data-end=\"1638\" \/><h2 data-section-id=\"dfjqln\" data-start=\"1640\" data-end=\"1661\"><span role=\"text\"><strong data-start=\"1643\" data-end=\"1661\">Enlaces externos<\/strong><\/span><\/h2><p data-start=\"1663\" data-end=\"1820\">Este sitio web puede incluir enlaces a sitios web de terceros. JMLP Services LLC no se responsabiliza del contenido, las pol\u00edticas ni las pr\u00e1cticas de estos sitios externos.<\/p><hr data-start=\"1822\" data-end=\"1825\" \/><h2 data-section-id=\"d9ll4i\" data-start=\"1827\" data-end=\"1848\"><span role=\"text\"><strong data-start=\"1830\" data-end=\"1848\">Ley aplicable<\/strong><\/span><\/h2><p data-start=\"1850\" data-end=\"2043\">Este Aviso Legal se rige por las leyes del Estado de Florida, Estados Unidos. Cualquier disputa relacionada con el uso de este sitio web estar\u00e1 sujeta a la jurisdicci\u00f3n de los tribunales competentes.<\/p><hr data-start=\"2045\" data-end=\"2048\" \/><h2 data-section-id=\"1s0pidl\" data-start=\"2050\" data-end=\"2076\"><span role=\"text\"><strong data-start=\"2053\" data-end=\"2076\">Informaci\u00f3n del contacto<\/strong><\/span><\/h2><p data-start=\"2078\" data-end=\"2152\">Si tiene alguna pregunta sobre este Aviso Legal, puede ponerse en contacto con nosotros:<\/p><p data-start=\"2154\" data-end=\"2229\"><strong data-start=\"2154\" data-end=\"2175\">JMLP Services LLC<\/strong><br data-start=\"2175\" data-end=\"2178\" \/>2431 Avenida Aloma, Suite 264<br data-start=\"2203\" data-end=\"2206\" \/>Winter Park, FL 32792<\/p><p data-start=\"2231\" data-end=\"2301\"><strong data-start=\"2231\" data-end=\"2241\">Correo electr\u00f3nico:<\/strong><br data-start=\"2241\" data-end=\"2244\" \/><a class=\"decorated-link cursor-pointer\" rel=\"noopener\" data-start=\"2244\" data-end=\"2271\">Contact@jmlpservicesllc.com<\/a><br data-start=\"2271\" data-end=\"2274\" \/><a class=\"decorated-link cursor-pointer\" rel=\"noopener\" data-start=\"2274\" data-end=\"2299\">Jmlpservicesllc@gmail.com<\/a><\/p><p data-start=\"2303\" data-end=\"2330\"><strong data-start=\"2303\" data-end=\"2313\">Tel\u00e9fono:<\/strong><br data-start=\"2313\" data-end=\"2316\" \/>407-639-4184<\/p>\t\t\t\t\t\t\t\t<\/div>\n\t\t\t\t\t<\/div>\n\t\t\t\t<\/div>\n\t\t\t\t<\/div>","protected":false},"excerpt":{"rendered":"<p>Legal Notice General Information In compliance with applicable laws and regulations, this Legal Notice provides general information about the website and its owner. Company Name:JMLP Services LLC Address:2431 Aloma Ave, Suite 264Winter Park, FL 32792 Email:Contact@jmlpservicesllc.comJmlpservicesllc@gmail.com Phone:407-639-4184 Purpose of the Website The purpose of this website is to provide information about the services offered by JMLP Services LLC, including construction, sealing, restoration, and maintenance solutions. Terms of Use By accessing and using this website, you agree to comply with these terms. Users agree to use the website responsibly and not engage in activities that may harm the website or its content. We reserve the right to modify or update the content of this website at any time without prior notice. Intellectual Property All content on this website, including text, images, logos, and design elements, is the property of JMLP Services LLC or used with proper authorization. Reproduction, distribution, or modification of any content without prior written consent is strictly prohibited. Limitation of Liability JMLP Services LLC is not responsible for any damages or losses resulting from the use of this website or reliance on its content. While we strive to keep information accurate and up to date, we do not guarantee the completeness or accuracy of all content. External Links This website may include links to third-party websites. JMLP Services LLC is not responsible for the content, policies, or practices of these external sites. Applicable Law This Legal Notice is governed by the laws of the State of Florida, United States. Any disputes related to the use of this website shall be subject to the jurisdiction of the appropriate courts. Contact Information If you have any questions regarding this Legal Notice, you may contact us: JMLP Services LLC2431 Aloma Ave, Suite 264Winter Park, FL 32792 Email:Contact@jmlpservicesllc.comJmlpservicesllc@gmail.com Phone:407-639-4184<\/p>","protected":false},"author":1,"featured_media":0,"parent":0,"menu_order":0,"comment_status":"closed","ping_status":"closed","template":"elementor_header_footer","meta":{"_joinchat":[],"footnotes":""},"class_list":["post-473","page","type-page","status-publish","hentry"],"_links":{"self":[{"href":"https:\/\/jmlpservicesllc.com\/es\/wp-json\/wp\/v2\/pages\/473","targetHints":{"allow":["GET"]}}],"collection":[{"href":"https:\/\/jmlpservicesllc.com\/es\/wp-json\/wp\/v2\/pages"}],"about":[{"href":"https:\/\/jmlpservicesllc.com\/es\/wp-json\/wp\/v2\/types\/page"}],"author":[{"embeddable":true,"href":"https:\/\/jmlpservicesllc.com\/es\/wp-json\/wp\/v2\/users\/1"}],"replies":[{"embeddable":true,"href":"https:\/\/jmlpservicesllc.com\/es\/wp-json\/wp\/v2\/comments?post=473"}],"version-history":[{"count":7,"href":"https:\/\/jmlpservicesllc.com\/es\/wp-json\/wp\/v2\/pages\/473\/revisions"}],"predecessor-version":[{"id":481,"href":"https:\/\/jmlpservicesllc.com\/es\/wp-json\/wp\/v2\/pages\/473\/revisions\/481"}],"wp:attachment":[{"href":"https:\/\/jmlpservicesllc.com\/es\/wp-json\/wp\/v2\/media?parent=473"}],"curies":[{"name":"wp","href":"https:\/\/api.w.org\/{rel}","templated":true}]}}