{"id":446,"date":"2026-04-26T04:28:10","date_gmt":"2026-04-26T04:28:10","guid":{"rendered":"https:\/\/jmlpservicesllc.com\/?page_id=446"},"modified":"2026-04-26T04:31:11","modified_gmt":"2026-04-26T04:31:11","slug":"cookies-policy","status":"publish","type":"page","link":"https:\/\/jmlpservicesllc.com\/es\/cookies-policy\/","title":{"rendered":"Pol\u00edtica de cookies"},"content":{"rendered":"<div data-elementor-type=\"wp-page\" data-elementor-id=\"446\" class=\"elementor elementor-446\" data-elementor-post-type=\"page\">\n\t\t\t\t\t\t<section class=\"elementor-section elementor-top-section elementor-element elementor-element-1abca953 elementor-section-boxed elementor-section-height-default elementor-section-height-default wpr-particle-no wpr-jarallax-no wpr-parallax-no wpr-sticky-section-no wpr-equal-height-no\" data-id=\"1abca953\" data-element_type=\"section\" data-e-type=\"section\" data-settings=\"{&quot;background_background&quot;:&quot;classic&quot;}\">\n\t\t\t\t\t\t\t<div class=\"elementor-background-overlay\"><\/div>\n\t\t\t\t\t\t\t<div class=\"elementor-container elementor-column-gap-default\">\n\t\t\t\t\t<div class=\"elementor-column elementor-col-100 elementor-top-column elementor-element elementor-element-2cfef4b7\" data-id=\"2cfef4b7\" data-element_type=\"column\" data-e-type=\"column\">\n\t\t\t<div class=\"elementor-widget-wrap elementor-element-populated\">\n\t\t\t\t\t\t<div class=\"elementor-element elementor-element-3080d640 elementor-invisible elementor-widget elementor-widget-heading\" data-id=\"3080d640\" data-element_type=\"widget\" data-e-type=\"widget\" data-settings=\"{&quot;_animation&quot;:&quot;rollIn&quot;}\" data-widget_type=\"heading.default\">\n\t\t\t\t\t<h2 class=\"elementor-heading-title elementor-size-default\">Pol\u00edtica de cookies<\/h2>\t\t\t\t<\/div>\n\t\t\t\t\t<\/div>\n\t\t<\/div>\n\t\t\t\t\t<\/div>\n\t\t<\/section>\n\t\t<div class=\"elementor-element elementor-element-ac5d180 e-flex e-con-boxed wpr-particle-no wpr-jarallax-no wpr-parallax-no wpr-sticky-section-no wpr-equal-height-no e-con e-parent\" data-id=\"ac5d180\" data-element_type=\"container\" data-e-type=\"container\">\n\t\t\t\t\t<div class=\"e-con-inner\">\n\t\t\t\t<div class=\"elementor-element elementor-element-26d256f elementor-widget elementor-widget-text-editor\" data-id=\"26d256f\" data-element_type=\"widget\" data-e-type=\"widget\" data-widget_type=\"text-editor.default\">\n\t\t\t\t\t\t\t\t\t<p data-start=\"144\" data-end=\"374\">Esta Pol\u00edtica de Cookies explica c\u00f3mo JMLP Services LLC utiliza cookies y tecnolog\u00edas similares para reconocerle cuando visita nuestro sitio web. Describe qu\u00e9 son estas tecnolog\u00edas, por qu\u00e9 las utilizamos y sus derechos para controlar su uso.<\/p><hr data-start=\"376\" data-end=\"379\" \/><h2 data-section-id=\"8reyvl\" data-start=\"381\" data-end=\"405\"><span role=\"text\"><strong data-start=\"384\" data-end=\"405\">\u00bfQu\u00e9 son las cookies?<\/strong><\/span><\/h2><p data-start=\"407\" data-end=\"602\">Las cookies son peque\u00f1os archivos de datos que se almacenan en tu dispositivo cuando visitas un sitio web. Se utilizan ampliamente para garantizar el correcto funcionamiento de los sitios web, mejorar la experiencia del usuario y proporcionar informaci\u00f3n para informes.<\/p><hr data-start=\"604\" data-end=\"607\" \/><h2 data-section-id=\"1pb6oqt\" data-start=\"609\" data-end=\"634\"><span role=\"text\"><strong data-start=\"612\" data-end=\"634\">Por qu\u00e9 utilizamos cookies<\/strong><\/span><\/h2><p data-start=\"636\" data-end=\"683\">Utilizamos cookies para diversos fines, entre ellos:<\/p><ul data-start=\"685\" data-end=\"873\"><li data-section-id=\"9ew2oc\" data-start=\"685\" data-end=\"731\">Para garantizar que el sitio web funcione de manera eficiente.<\/li><li data-section-id=\"onkf2e\" data-start=\"732\" data-end=\"780\">Para mejorar la funcionalidad y la experiencia del usuario.<\/li><li data-section-id=\"i8pa1e\" data-start=\"781\" data-end=\"827\">Para analizar el tr\u00e1fico y el rendimiento del sitio web.<\/li><li data-section-id=\"1thwa5f\" data-start=\"828\" data-end=\"873\">Para recordar las preferencias y configuraciones del usuario.<\/li><\/ul><hr data-start=\"875\" data-end=\"878\" \/><h2 data-section-id=\"o3oj35\" data-start=\"880\" data-end=\"910\"><span role=\"text\"><strong data-start=\"883\" data-end=\"910\">Tipos de cookies que utilizamos<\/strong><\/span><\/h2><h3 data-section-id=\"yd2j1r\" data-start=\"912\" data-end=\"939\"><span role=\"text\"><strong data-start=\"916\" data-end=\"937\">Galletas esenciales<\/strong><\/span><\/h3><p data-start=\"940\" data-end=\"1043\">Estas cookies son necesarias para que el sitio web funcione correctamente y no se pueden desactivar en nuestros sistemas.<\/p><h3 data-section-id=\"11vifec\" data-start=\"1045\" data-end=\"1088\"><span role=\"text\"><strong data-start=\"1049\" data-end=\"1086\">Cookies de rendimiento y an\u00e1lisis<\/strong><\/span><\/h3><p data-start=\"1089\" data-end=\"1201\">Estas cookies nos ayudan a comprender c\u00f3mo interact\u00faan los visitantes con nuestro sitio web, lo que nos permite mejorar su rendimiento.<\/p><h3 data-section-id=\"rujksa\" data-start=\"1203\" data-end=\"1234\"><span role=\"text\"><strong data-start=\"1207\" data-end=\"1232\">Cookies de funcionalidad<\/strong><\/span><\/h3><p data-start=\"1235\" data-end=\"1329\">Estas cookies recuerdan tus preferencias y elecciones para ofrecerte una experiencia m\u00e1s personalizada.<\/p><h3 data-section-id=\"f3ienl\" data-start=\"1331\" data-end=\"1360\"><span role=\"text\"><strong data-start=\"1335\" data-end=\"1358\">Cookies de terceros<\/strong><\/span><\/h3><p data-start=\"1361\" data-end=\"1476\">Es posible que algunos servicios de terceros que aparecen en nuestras p\u00e1ginas, como los de an\u00e1lisis o los de contenido incrustado, instalen cookies.<\/p><hr data-start=\"1478\" data-end=\"1481\" \/><h2 data-section-id=\"hkoakq\" data-start=\"1483\" data-end=\"1517\"><span role=\"text\"><strong data-start=\"1486\" data-end=\"1517\">C\u00f3mo puedes controlar las cookies<\/strong><\/span><\/h2><p data-start=\"1519\" data-end=\"1652\">Usted tiene derecho a aceptar o rechazar las cookies. La mayor\u00eda de los navegadores web le permiten gestionar sus preferencias de cookies a trav\u00e9s de su configuraci\u00f3n.<\/p><p data-start=\"1654\" data-end=\"1662\">Puede:<\/p><ul data-start=\"1663\" data-end=\"1809\"><li data-section-id=\"4ew3it\" data-start=\"1663\" data-end=\"1703\">Elimina las cookies almacenadas en tu dispositivo.<\/li><li data-section-id=\"1j9jt0u\" data-start=\"1704\" data-end=\"1743\">Bloquear las cookies de ciertos sitios web<\/li><li data-section-id=\"1tsu1s8\" data-start=\"1744\" data-end=\"1809\">Configura tu navegador para que te notifique antes de aceptar las cookies.<\/li><\/ul><p data-start=\"1811\" data-end=\"1898\">Tenga en cuenta que deshabilitar ciertas cookies puede afectar la funcionalidad del sitio web.<\/p><hr data-start=\"1900\" data-end=\"1903\" \/><h2 data-section-id=\"10iey3e\" data-start=\"1905\" data-end=\"1934\"><span role=\"text\"><strong data-start=\"1908\" data-end=\"1934\">Actualizaciones de esta pol\u00edtica<\/strong><\/span><\/h2><p data-start=\"1936\" data-end=\"2110\">Es posible que actualicemos esta Pol\u00edtica de Cookies peri\u00f3dicamente para reflejar cambios en la tecnolog\u00eda, los requisitos legales o nuestras pr\u00e1cticas. Le recomendamos que revise esta p\u00e1gina con regularidad.<\/p><hr data-start=\"2112\" data-end=\"2115\" \/><h2 data-section-id=\"zmpcg3\" data-start=\"2117\" data-end=\"2134\"><span role=\"text\"><strong data-start=\"2120\" data-end=\"2134\">Cont\u00e1ctanos<\/strong><\/span><\/h2><p data-start=\"2136\" data-end=\"2207\">Si tiene alguna pregunta sobre nuestro uso de cookies, puede ponerse en contacto con nosotros:<\/p><p data-start=\"2209\" data-end=\"2284\"><strong data-start=\"2209\" data-end=\"2230\">JMLP Services LLC<\/strong><br data-start=\"2230\" data-end=\"2233\" \/>2431 Avenida Aloma, Suite 264<br data-start=\"2258\" data-end=\"2261\" \/>Winter Park, FL 32792<\/p><p data-start=\"2286\" data-end=\"2356\"><strong data-start=\"2286\" data-end=\"2296\">Correo electr\u00f3nico:<\/strong><br data-start=\"2296\" data-end=\"2299\" \/><a class=\"decorated-link cursor-pointer\" rel=\"noopener\" data-start=\"2299\" data-end=\"2326\">Contact@jmlpservicesllc.com<\/a><br data-start=\"2326\" data-end=\"2329\" \/><a class=\"decorated-link cursor-pointer\" rel=\"noopener\" data-start=\"2329\" data-end=\"2354\">Jmlpservicesllc@gmail.com<\/a><\/p><p data-start=\"2358\" data-end=\"2385\"><strong data-start=\"2358\" data-end=\"2368\">Tel\u00e9fono:<\/strong><br data-start=\"2368\" data-end=\"2371\" \/>407-639-4184<\/p>\t\t\t\t\t\t\t\t<\/div>\n\t\t\t\t\t<\/div>\n\t\t\t\t<\/div>\n\t\t\t\t<\/div>","protected":false},"excerpt":{"rendered":"<p>Cookies Policy This Cookies Policy explains how JMLP Services LLC uses cookies and similar technologies to recognize you when you visit our website. It describes what these technologies are, why we use them, and your rights to control their use. What Are Cookies? Cookies are small data files stored on your device when you visit a website. They are widely used to ensure websites function properly, improve user experience, and provide reporting information. Why We Use Cookies We use cookies for several purposes, including: To ensure the website operates efficiently To improve functionality and user experience To analyze website traffic and performance To remember user preferences and settings Types of Cookies We Use Essential Cookies These cookies are necessary for the website to function properly and cannot be disabled in our systems. Performance and Analytics Cookies These cookies help us understand how visitors interact with our website, allowing us to improve its performance. Functionality Cookies These cookies remember your preferences and choices to provide a more personalized experience. Third-Party Cookies Some cookies may be placed by third-party services that appear on our pages, such as analytics or embedded content. How You Can Control Cookies You have the right to accept or reject cookies. Most web browsers allow you to manage your cookie preferences through their settings. You can: Delete cookies stored on your device Block cookies from certain websites Configure your browser to notify you before accepting cookies Please note that disabling certain cookies may affect the functionality of the website. Updates to This Policy We may update this Cookies Policy from time to time to reflect changes in technology, legal requirements, or our practices. We encourage you to review this page periodically. Contact Us If you have any questions about our use of cookies, you can contact us: JMLP Services LLC2431 Aloma Ave, Suite 264Winter Park, FL 32792 Email:Contact@jmlpservicesllc.comJmlpservicesllc@gmail.com Phone:407-639-4184<\/p>","protected":false},"author":1,"featured_media":0,"parent":0,"menu_order":0,"comment_status":"closed","ping_status":"closed","template":"elementor_header_footer","meta":{"_joinchat":[],"footnotes":""},"class_list":["post-446","page","type-page","status-publish","hentry"],"_links":{"self":[{"href":"https:\/\/jmlpservicesllc.com\/es\/wp-json\/wp\/v2\/pages\/446","targetHints":{"allow":["GET"]}}],"collection":[{"href":"https:\/\/jmlpservicesllc.com\/es\/wp-json\/wp\/v2\/pages"}],"about":[{"href":"https:\/\/jmlpservicesllc.com\/es\/wp-json\/wp\/v2\/types\/page"}],"author":[{"embeddable":true,"href":"https:\/\/jmlpservicesllc.com\/es\/wp-json\/wp\/v2\/users\/1"}],"replies":[{"embeddable":true,"href":"https:\/\/jmlpservicesllc.com\/es\/wp-json\/wp\/v2\/comments?post=446"}],"version-history":[{"count":10,"href":"https:\/\/jmlpservicesllc.com\/es\/wp-json\/wp\/v2\/pages\/446\/revisions"}],"predecessor-version":[{"id":457,"href":"https:\/\/jmlpservicesllc.com\/es\/wp-json\/wp\/v2\/pages\/446\/revisions\/457"}],"wp:attachment":[{"href":"https:\/\/jmlpservicesllc.com\/es\/wp-json\/wp\/v2\/media?parent=446"}],"curies":[{"name":"wp","href":"https:\/\/api.w.org\/{rel}","templated":true}]}}