{"id":345,"date":"2026-04-26T03:40:45","date_gmt":"2026-04-26T03:40:45","guid":{"rendered":"https:\/\/jmlpservicesllc.com\/?page_id=345"},"modified":"2026-04-26T03:49:55","modified_gmt":"2026-04-26T03:49:55","slug":"blog","status":"publish","type":"page","link":"https:\/\/jmlpservicesllc.com\/es\/blog\/","title":{"rendered":"Nuestro blog"},"content":{"rendered":"<div data-elementor-type=\"wp-page\" data-elementor-id=\"345\" class=\"elementor elementor-345\" data-elementor-post-type=\"page\">\n\t\t\t\t\t\t<section class=\"elementor-section elementor-top-section elementor-element elementor-element-21b3f22d elementor-section-boxed elementor-section-height-default elementor-section-height-default wpr-particle-no wpr-jarallax-no wpr-parallax-no wpr-sticky-section-no wpr-equal-height-no\" data-id=\"21b3f22d\" data-element_type=\"section\" data-e-type=\"section\" data-settings=\"{&quot;background_background&quot;:&quot;classic&quot;}\">\n\t\t\t\t\t\t\t<div class=\"elementor-background-overlay\"><\/div>\n\t\t\t\t\t\t\t<div class=\"elementor-container elementor-column-gap-default\">\n\t\t\t\t\t<div class=\"elementor-column elementor-col-100 elementor-top-column elementor-element elementor-element-22a6540a\" data-id=\"22a6540a\" data-element_type=\"column\" data-e-type=\"column\">\n\t\t\t<div class=\"elementor-widget-wrap elementor-element-populated\">\n\t\t\t\t\t\t<div class=\"elementor-element elementor-element-5b31c8b8 elementor-invisible elementor-widget elementor-widget-heading\" data-id=\"5b31c8b8\" data-element_type=\"widget\" data-e-type=\"widget\" data-settings=\"{&quot;_animation&quot;:&quot;rollIn&quot;}\" data-widget_type=\"heading.default\">\n\t\t\t\t\t<h2 class=\"elementor-heading-title elementor-size-default\">Nuestro blog<\/h2>\t\t\t\t<\/div>\n\t\t\t\t<div class=\"elementor-element elementor-element-746501f4 elementor-invisible elementor-widget elementor-widget-text-editor\" data-id=\"746501f4\" data-element_type=\"widget\" data-e-type=\"widget\" data-settings=\"{&quot;_animation&quot;:&quot;bounceInUp&quot;}\" data-widget_type=\"text-editor.default\">\n\t\t\t\t\t\t\t\t\tInformaci\u00f3n valiosa, consejos y conocimientos de expertos del sector.\t\t\t\t\t\t\t\t<\/div>\n\t\t\t\t\t<\/div>\n\t\t<\/div>\n\t\t\t\t\t<\/div>\n\t\t<\/section>\n\t\t\t\t<section class=\"elementor-section elementor-top-section elementor-element elementor-element-1dfa1ed elementor-section-boxed elementor-section-height-default elementor-section-height-default wpr-particle-no wpr-jarallax-no wpr-parallax-no wpr-sticky-section-no wpr-equal-height-no\" data-id=\"1dfa1ed\" data-element_type=\"section\" data-e-type=\"section\">\n\t\t\t\t\t\t<div class=\"elementor-container elementor-column-gap-default\">\n\t\t\t\t\t<div class=\"elementor-column elementor-col-100 elementor-top-column elementor-element elementor-element-319e5609\" data-id=\"319e5609\" data-element_type=\"column\" data-e-type=\"column\">\n\t\t\t<div class=\"elementor-widget-wrap elementor-element-populated\">\n\t\t\t\t\t\t<div class=\"elementor-element elementor-element-115c0af elementor-grid-4 elementor-grid-tablet-2 elementor-grid-mobile-1 elementor-posts--thumbnail-top load-more-align-center elementor-widget elementor-widget-posts\" data-id=\"115c0af\" data-element_type=\"widget\" data-e-type=\"widget\" data-settings=\"{&quot;classic_columns&quot;:&quot;4&quot;,&quot;pagination_type&quot;:&quot;load_more_on_click&quot;,&quot;classic_columns_tablet&quot;:&quot;2&quot;,&quot;classic_columns_mobile&quot;:&quot;1&quot;,&quot;classic_row_gap&quot;:{&quot;unit&quot;:&quot;px&quot;,&quot;size&quot;:35,&quot;sizes&quot;:[]},&quot;classic_row_gap_tablet&quot;:{&quot;unit&quot;:&quot;px&quot;,&quot;size&quot;:&quot;&quot;,&quot;sizes&quot;:[]},&quot;classic_row_gap_mobile&quot;:{&quot;unit&quot;:&quot;px&quot;,&quot;size&quot;:&quot;&quot;,&quot;sizes&quot;:[]},&quot;load_more_spinner&quot;:{&quot;value&quot;:&quot;fas fa-spinner&quot;,&quot;library&quot;:&quot;fa-solid&quot;}}\" data-widget_type=\"posts.classic\">\n\t\t\t\t<div class=\"elementor-widget-container\">\n\t\t\t\t\t\t\t<div class=\"elementor-posts-container elementor-posts elementor-posts--skin-classic elementor-grid\" role=\"list\">\n\t\t\t\t<article class=\"elementor-post elementor-grid-item post-333 post type-post status-publish format-standard has-post-thumbnail hentry category-main-category category-painting-services\" role=\"listitem\">\n\t\t\t\t<a class=\"elementor-post__thumbnail__link\" href=\"https:\/\/jmlpservicesllc.com\/es\/2026\/04\/26\/the-benefits-of-professional-painting-for-residential-and-commercial-properties\/\" tabindex=\"-1\" >\n\t\t\t<div class=\"elementor-post__thumbnail\"><img fetchpriority=\"high\" decoding=\"async\" width=\"300\" height=\"198\" src=\"https:\/\/jmlpservicesllc.com\/wp-content\/uploads\/2026\/04\/Imagenes-para-blog-2026-04-25T232522.764-300x198.png\" class=\"attachment-medium size-medium wp-image-334\" alt=\"\" srcset=\"https:\/\/jmlpservicesllc.com\/wp-content\/uploads\/2026\/04\/Imagenes-para-blog-2026-04-25T232522.764-300x198.png 300w, https:\/\/jmlpservicesllc.com\/wp-content\/uploads\/2026\/04\/Imagenes-para-blog-2026-04-25T232522.764-1024x674.png 1024w, https:\/\/jmlpservicesllc.com\/wp-content\/uploads\/2026\/04\/Imagenes-para-blog-2026-04-25T232522.764-768x506.png 768w, https:\/\/jmlpservicesllc.com\/wp-content\/uploads\/2026\/04\/Imagenes-para-blog-2026-04-25T232522.764.png 1072w\" sizes=\"(max-width: 300px) 100vw, 300px\" \/><\/div>\n\t\t<\/a>\n\t\t\t\t<div class=\"elementor-post__text\">\n\t\t\t\t<h3 class=\"elementor-post__title\">\n\t\t\t<a href=\"https:\/\/jmlpservicesllc.com\/es\/2026\/04\/26\/the-benefits-of-professional-painting-for-residential-and-commercial-properties\/\" >\n\t\t\t\tBeneficios de la pintura profesional para propiedades residenciales y comerciales\t\t\t<\/a>\n\t\t<\/h3>\n\t\t\t\t<div class=\"elementor-post__meta-data\">\n\t\t\t\t\t<span class=\"elementor-post-date\">\n\t\t\t26 de abril de 2026\t\t<\/span>\n\t\t\t\t<span class=\"elementor-post-avatar\">\n\t\t\tNo hay comentarios\t\t<\/span>\n\t\t\t\t<\/div>\n\t\t\t\t<div class=\"elementor-post__excerpt\">\n\t\t\t<p>Pintar es m\u00e1s que simplemente mejorar la apariencia de una propiedad: juega un papel clave en la protecci\u00f3n, el mantenimiento y el valor a largo plazo. Ya sea para una casa<\/p>\n\t\t<\/div>\n\t\t\n\t\t<a class=\"elementor-post__read-more\" href=\"https:\/\/jmlpservicesllc.com\/es\/2026\/04\/26\/the-benefits-of-professional-painting-for-residential-and-commercial-properties\/\" aria-label=\"Read more about The Benefits of Professional Painting for Residential and Commercial Properties\" tabindex=\"-1\" >\n\t\t\tLeer m\u00e1s &quot;\u00bb\t\t<\/a>\n\n\t\t\t\t<\/div>\n\t\t\t\t<\/article>\n\t\t\t\t<article class=\"elementor-post elementor-grid-item post-289 post type-post status-publish format-standard has-post-thumbnail hentry category-main-category category-weatherproofing-protection\" role=\"listitem\">\n\t\t\t\t<a class=\"elementor-post__thumbnail__link\" href=\"https:\/\/jmlpservicesllc.com\/es\/2026\/04\/26\/how-weatherproofing-helps-protect-your-home-or-business-year-round\/\" tabindex=\"-1\" >\n\t\t\t<div class=\"elementor-post__thumbnail\"><img decoding=\"async\" width=\"300\" height=\"198\" src=\"https:\/\/jmlpservicesllc.com\/wp-content\/uploads\/2026\/04\/Imagenes-para-blog-2026-04-25T224400.239-300x198.png\" class=\"attachment-medium size-medium wp-image-290\" alt=\"\" srcset=\"https:\/\/jmlpservicesllc.com\/wp-content\/uploads\/2026\/04\/Imagenes-para-blog-2026-04-25T224400.239-300x198.png 300w, https:\/\/jmlpservicesllc.com\/wp-content\/uploads\/2026\/04\/Imagenes-para-blog-2026-04-25T224400.239-1024x674.png 1024w, https:\/\/jmlpservicesllc.com\/wp-content\/uploads\/2026\/04\/Imagenes-para-blog-2026-04-25T224400.239-768x506.png 768w, https:\/\/jmlpservicesllc.com\/wp-content\/uploads\/2026\/04\/Imagenes-para-blog-2026-04-25T224400.239.png 1072w\" sizes=\"(max-width: 300px) 100vw, 300px\" \/><\/div>\n\t\t<\/a>\n\t\t\t\t<div class=\"elementor-post__text\">\n\t\t\t\t<h3 class=\"elementor-post__title\">\n\t\t\t<a href=\"https:\/\/jmlpservicesllc.com\/es\/2026\/04\/26\/how-weatherproofing-helps-protect-your-home-or-business-year-round\/\" >\n\t\t\t\tC\u00f3mo la impermeabilizaci\u00f3n ayuda a proteger su hogar o negocio durante todo el a\u00f1o.\t\t\t<\/a>\n\t\t<\/h3>\n\t\t\t\t<div class=\"elementor-post__meta-data\">\n\t\t\t\t\t<span class=\"elementor-post-date\">\n\t\t\t26 de abril de 2026\t\t<\/span>\n\t\t\t\t<span class=\"elementor-post-avatar\">\n\t\t\tNo hay comentarios\t\t<\/span>\n\t\t\t\t<\/div>\n\t\t\t\t<div class=\"elementor-post__excerpt\">\n\t\t\t<p>Las condiciones clim\u00e1ticas pueden tener un impacto significativo en el estado y la longevidad de cualquier propiedad. Desde fuertes lluvias y humedad hasta calor y fuertes vientos,<\/p>\n\t\t<\/div>\n\t\t\n\t\t<a class=\"elementor-post__read-more\" href=\"https:\/\/jmlpservicesllc.com\/es\/2026\/04\/26\/how-weatherproofing-helps-protect-your-home-or-business-year-round\/\" aria-label=\"Read more about How Weatherproofing Helps Protect Your Home or Business Year-Round\" tabindex=\"-1\" >\n\t\t\tLeer m\u00e1s &quot;\u00bb\t\t<\/a>\n\n\t\t\t\t<\/div>\n\t\t\t\t<\/article>\n\t\t\t\t<article class=\"elementor-post elementor-grid-item post-286 post type-post status-publish format-standard has-post-thumbnail hentry category-main-category category-restoration-maintenance\" role=\"listitem\">\n\t\t\t\t<a class=\"elementor-post__thumbnail__link\" href=\"https:\/\/jmlpservicesllc.com\/es\/2026\/04\/26\/top-signs-your-property-needs-professional-restoration-services\/\" tabindex=\"-1\" >\n\t\t\t<div class=\"elementor-post__thumbnail\"><img decoding=\"async\" width=\"300\" height=\"198\" src=\"https:\/\/jmlpservicesllc.com\/wp-content\/uploads\/2026\/04\/Imagenes-para-blog-2026-04-25T224107.499-300x198.png\" class=\"attachment-medium size-medium wp-image-287\" alt=\"\" srcset=\"https:\/\/jmlpservicesllc.com\/wp-content\/uploads\/2026\/04\/Imagenes-para-blog-2026-04-25T224107.499-300x198.png 300w, https:\/\/jmlpservicesllc.com\/wp-content\/uploads\/2026\/04\/Imagenes-para-blog-2026-04-25T224107.499-1024x674.png 1024w, https:\/\/jmlpservicesllc.com\/wp-content\/uploads\/2026\/04\/Imagenes-para-blog-2026-04-25T224107.499-768x506.png 768w, https:\/\/jmlpservicesllc.com\/wp-content\/uploads\/2026\/04\/Imagenes-para-blog-2026-04-25T224107.499.png 1072w\" sizes=\"(max-width: 300px) 100vw, 300px\" \/><\/div>\n\t\t<\/a>\n\t\t\t\t<div class=\"elementor-post__text\">\n\t\t\t\t<h3 class=\"elementor-post__title\">\n\t\t\t<a href=\"https:\/\/jmlpservicesllc.com\/es\/2026\/04\/26\/top-signs-your-property-needs-professional-restoration-services\/\" >\n\t\t\t\tPrincipales se\u00f1ales de que su propiedad necesita servicios de restauraci\u00f3n profesional.\t\t\t<\/a>\n\t\t<\/h3>\n\t\t\t\t<div class=\"elementor-post__meta-data\">\n\t\t\t\t\t<span class=\"elementor-post-date\">\n\t\t\t26 de abril de 2026\t\t<\/span>\n\t\t\t\t<span class=\"elementor-post-avatar\">\n\t\t\tNo hay comentarios\t\t<\/span>\n\t\t\t\t<\/div>\n\t\t\t\t<div class=\"elementor-post__excerpt\">\n\t\t\t<p>Con el tiempo, toda propiedad sufre desgaste. La exposici\u00f3n a la intemperie, la humedad y el uso diario pueden da\u00f1ar gradualmente las superficies y los elementos estructurales. Si bien algunos problemas<\/p>\n\t\t<\/div>\n\t\t\n\t\t<a class=\"elementor-post__read-more\" href=\"https:\/\/jmlpservicesllc.com\/es\/2026\/04\/26\/top-signs-your-property-needs-professional-restoration-services\/\" aria-label=\"Read more about Top Signs Your Property Needs Professional Restoration Services\" tabindex=\"-1\" >\n\t\t\tLeer m\u00e1s &quot;\u00bb\t\t<\/a>\n\n\t\t\t\t<\/div>\n\t\t\t\t<\/article>\n\t\t\t\t<article class=\"elementor-post elementor-grid-item post-282 post type-post status-publish format-standard has-post-thumbnail hentry category-caulking-sealing category-main-category\" role=\"listitem\">\n\t\t\t\t<a class=\"elementor-post__thumbnail__link\" href=\"https:\/\/jmlpservicesllc.com\/es\/2026\/04\/26\/why-proper-caulking-is-essential-for-long-term-building-protection\/\" tabindex=\"-1\" >\n\t\t\t<div class=\"elementor-post__thumbnail\"><img loading=\"lazy\" decoding=\"async\" width=\"300\" height=\"198\" src=\"https:\/\/jmlpservicesllc.com\/wp-content\/uploads\/2026\/04\/Imagenes-para-blog-2026-04-25T223840.398-300x198.png\" class=\"attachment-medium size-medium wp-image-283\" alt=\"\" srcset=\"https:\/\/jmlpservicesllc.com\/wp-content\/uploads\/2026\/04\/Imagenes-para-blog-2026-04-25T223840.398-300x198.png 300w, https:\/\/jmlpservicesllc.com\/wp-content\/uploads\/2026\/04\/Imagenes-para-blog-2026-04-25T223840.398-1024x674.png 1024w, https:\/\/jmlpservicesllc.com\/wp-content\/uploads\/2026\/04\/Imagenes-para-blog-2026-04-25T223840.398-768x506.png 768w, https:\/\/jmlpservicesllc.com\/wp-content\/uploads\/2026\/04\/Imagenes-para-blog-2026-04-25T223840.398.png 1072w\" sizes=\"(max-width: 300px) 100vw, 300px\" \/><\/div>\n\t\t<\/a>\n\t\t\t\t<div class=\"elementor-post__text\">\n\t\t\t\t<h3 class=\"elementor-post__title\">\n\t\t\t<a href=\"https:\/\/jmlpservicesllc.com\/es\/2026\/04\/26\/why-proper-caulking-is-essential-for-long-term-building-protection\/\" >\n\t\t\t\tPor qu\u00e9 un sellado adecuado es esencial para la protecci\u00f3n a largo plazo de los edificios.\t\t\t<\/a>\n\t\t<\/h3>\n\t\t\t\t<div class=\"elementor-post__meta-data\">\n\t\t\t\t\t<span class=\"elementor-post-date\">\n\t\t\t26 de abril de 2026\t\t<\/span>\n\t\t\t\t<span class=\"elementor-post-avatar\">\n\t\t\tNo hay comentarios\t\t<\/span>\n\t\t\t\t<\/div>\n\t\t\t\t<div class=\"elementor-post__excerpt\">\n\t\t\t<p>El sellado puede parecer un detalle menor en la construcci\u00f3n y el mantenimiento, pero desempe\u00f1a un papel fundamental en la protecci\u00f3n de los edificios contra da\u00f1os a largo plazo. Aplicado correctamente<\/p>\n\t\t<\/div>\n\t\t\n\t\t<a class=\"elementor-post__read-more\" href=\"https:\/\/jmlpservicesllc.com\/es\/2026\/04\/26\/why-proper-caulking-is-essential-for-long-term-building-protection\/\" aria-label=\"Read more about Why Proper Caulking Is Essential for Long-Term Building Protection\" tabindex=\"-1\" >\n\t\t\tLeer m\u00e1s &quot;\u00bb\t\t<\/a>\n\n\t\t\t\t<\/div>\n\t\t\t\t<\/article>\n\t\t\t\t<\/div>\n\t\t\t\t\t<span class=\"e-load-more-spinner\">\n\t\t\t\t<svg aria-hidden=\"true\" class=\"e-font-icon-svg e-fas-spinner\" viewbox=\"0 0 512 512\" xmlns=\"http:\/\/www.w3.org\/2000\/svg\"><path d=\"M304 48c0 26.51-21.49 48-48 48s-48-21.49-48-48 21.49-48 48-48 48 21.49 48 48zm-48 368c-26.51 0-48 21.49-48 48s21.49 48 48 48 48-21.49 48-48-21.49-48-48-48zm208-208c-26.51 0-48 21.49-48 48s21.49 48 48 48 48-21.49 48-48-21.49-48-48-48zM96 256c0-26.51-21.49-48-48-48S0 229.49 0 256s21.49 48 48 48 48-21.49 48-48zm12.922 99.078c-26.51 0-48 21.49-48 48s21.49 48 48 48 48-21.49 48-48c0-26.509-21.491-48-48-48zm294.156 0c-26.51 0-48 21.49-48 48s21.49 48 48 48 48-21.49 48-48c0-26.509-21.49-48-48-48zM108.922 60.922c-26.51 0-48 21.49-48 48s21.49 48 48 48 48-21.49 48-48-21.491-48-48-48z\"><\/path><\/svg>\t\t\t<\/span>\n\t\t\n\t\t\t\t\t\t<\/div>\n\t\t\t\t<\/div>\n\t\t\t\t\t<\/div>\n\t\t<\/div>\n\t\t\t\t\t<\/div>\n\t\t<\/section>\n\t\t\t\t<\/div>","protected":false},"excerpt":{"rendered":"<p>Our Blog Insights, tips, and expert industry knowledge<\/p>","protected":false},"author":1,"featured_media":0,"parent":0,"menu_order":0,"comment_status":"closed","ping_status":"closed","template":"elementor_header_footer","meta":{"_joinchat":[],"footnotes":""},"class_list":["post-345","page","type-page","status-publish","hentry"],"_links":{"self":[{"href":"https:\/\/jmlpservicesllc.com\/es\/wp-json\/wp\/v2\/pages\/345","targetHints":{"allow":["GET"]}}],"collection":[{"href":"https:\/\/jmlpservicesllc.com\/es\/wp-json\/wp\/v2\/pages"}],"about":[{"href":"https:\/\/jmlpservicesllc.com\/es\/wp-json\/wp\/v2\/types\/page"}],"author":[{"embeddable":true,"href":"https:\/\/jmlpservicesllc.com\/es\/wp-json\/wp\/v2\/users\/1"}],"replies":[{"embeddable":true,"href":"https:\/\/jmlpservicesllc.com\/es\/wp-json\/wp\/v2\/comments?post=345"}],"version-history":[{"count":22,"href":"https:\/\/jmlpservicesllc.com\/es\/wp-json\/wp\/v2\/pages\/345\/revisions"}],"predecessor-version":[{"id":370,"href":"https:\/\/jmlpservicesllc.com\/es\/wp-json\/wp\/v2\/pages\/345\/revisions\/370"}],"wp:attachment":[{"href":"https:\/\/jmlpservicesllc.com\/es\/wp-json\/wp\/v2\/media?parent=345"}],"curies":[{"name":"wp","href":"https:\/\/api.w.org\/{rel}","templated":true}]}}